{"id":22546,"date":"2019-10-28T08:07:45","date_gmt":"2019-10-28T08:07:45","guid":{"rendered":"https:\/\/pyroparty.es\/aviso-legal\/"},"modified":"2022-09-12T06:06:30","modified_gmt":"2022-09-12T06:06:30","slug":"legal-warning","status":"publish","type":"page","link":"https:\/\/pyroparty.es\/en\/legal-warning\/","title":{"rendered":"Legal Warning"},"content":{"rendered":"<p><span style=\"color: #333333;\">En cumplimiento de la Ley 34\/2002, de 11 de julio, de Servicios de la Sociedad de la Informaci\u00f3n y de Comercio Electr\u00f3nico (LSSI-CE), la empresa le informa que es titular del sitio web. De acuerdo con la exigencia del art\u00edculo 10 de la citada Ley, informa de los siguientes datos: <\/span><\/p>\n<p><span style=\"color: #333333;\">El titular de este sitio web es: <\/span><\/p>\n<table>\n<tbody>\n<tr>\n<td width=\"151\"><span style=\"color: #333333;\">Nombre de la empresa<\/span><\/td>\n<td width=\"415\"><span style=\"color: #333333;\">PYROPARTY ENTERTAINMENT S.L<\/span><\/td>\n<\/tr>\n<tr>\n<td width=\"151\"><span style=\"color: #333333;\">NIF<\/span><\/td>\n<td width=\"415\"><span style=\"color: #333333;\">B-93711927<\/span><\/td>\n<\/tr>\n<tr>\n<td width=\"151\"><span style=\"color: #333333;\">Calle<\/span><\/td>\n<td width=\"415\"><span style=\"color: #333333;\">Calle Alcalde diaz Zafra, 33\u00a0M\u00e1laga (29006)<\/span><\/td>\n<\/tr>\n<\/tbody>\n<\/table>\n<h4><span style=\"color: #333333;\"><strong><u>USUARIOS<\/u><\/strong><\/span><\/h4>\n<p><span style=\"color: #333333;\">El acceso y\/o uso de este portal le atribuye la condici\u00f3n de USUARIO, que acepta, desde dicho acceso y\/o uso, las Condiciones Generales de Uso aqu\u00ed reflejadas. Las citadas Condiciones ser\u00e1n de aplicaci\u00f3n independientemente de las Condiciones Generales de Contrataci\u00f3n que en su caso resulten de obligado cumplimiento.<\/span><\/p>\n<h4><span style=\"color: #333333;\"><strong><u>USO DEL PORTAL<\/u><\/strong><\/span><\/h4>\n<p><span style=\"color: #333333;\">La p\u00e1gina web proporciona el acceso a multitud de informaciones, servicios, programas o datos (en adelante, \u201clos contenidos\u201d) en Internet pertenecientes a Raz\u00f3n Social o a sus licenciantes a los que el USUARIO pueda tener acceso. El USUARIO asume la responsabilidad del uso del portal. Dicha responsabilidad se extiende al registro que fuese necesario para acceder a determinados servicios o contenidos.<\/span><\/p>\n<p><span style=\"color: #333333;\">En dicho registro el USUARIO ser\u00e1 responsable de aportar informaci\u00f3n veraz y l\u00edcita. Como consecuencia de este registro, al USUARIO se le puede proporcionar una contrase\u00f1a de la que ser\u00e1 responsable, comprometi\u00e9ndose a hacer un uso diligente y confidencial de la misma. El USUARIO se compromete a hacer un uso adecuado de los contenidos y servicios que Raz\u00f3n Social ofrece a trav\u00e9s de su portal y con car\u00e1cter enunciativo pero no limitativo, a no emplearlos para: <\/span><\/p>\n<ol>\n<li><span style=\"color: #333333;\">Incurrir en actividades il\u00edcitas, ilegales o contrarias a la buena fe y al orden p\u00fablico.<\/span><\/li>\n<li><span style=\"color: #333333;\">Difundir contenidos o propaganda de car\u00e1cter racista, xen\u00f3fobo, pornogr\u00e1fico-ilegal, de apolog\u00eda del terrorismo o atentatorio contra los derechos humanos.<\/span><\/li>\n<li><span style=\"color: #333333;\">Provocar da\u00f1os en los sistemas f\u00edsicos y l\u00f3gicos de Raz\u00f3n Social, de sus proveedores o de terceras personas, introducir o difundir en la red virus inform\u00e1ticos o cualesquiera otros sistemas f\u00edsicos o l\u00f3gicos que sean susceptibles de provocar los da\u00f1os anteriormente mencionados.<\/span><\/li>\n<li><span style=\"color: #333333;\">Intentar acceder y, en su caso, utilizar las cuentas de correo electr\u00f3nico de otros usuarios y modificar manipular sus mensajes. Raz\u00f3n Social se reserva el derecho de retirar todos aquellos comentarios y aportaciones que vulneren el respeto a la dignidad de la persona, que sean discriminatorios, xen\u00f3fobos, racistas, pornogr\u00e1ficos, que atenten contra la juventud o la infancia, el orden o la seguridad p\u00fablica o que, a su juicio, no resultaran adecuados para su publicaci\u00f3n. En cualquier caso, Raz\u00f3n Social no ser\u00e1 responsable de las opiniones vertidas por los usuarios a trav\u00e9s de los foros, chats, u otras herramientas de participaci\u00f3n.<\/span><\/li>\n<\/ol>\n<h4><span style=\"color: #333333;\"><strong><u>PROPIEDAD INTELECTUAL E INDUSTRIAL<\/u><\/strong><\/span><\/h4>\n<p><span style=\"color: #333333;\">Raz\u00f3n Social ser\u00e1 titular de todos los derechos de propiedad intelectual e industrial de su p\u00e1gina web, as\u00ed como de los elementos contenidos en la misma (a t\u00edtulo enunciativo, im\u00e1genes, sonido, audio, v\u00eddeo, software o textos; marcas o logotipos, combinaciones de colores, estructura y dise\u00f1o, selecci\u00f3n de materiales usados, programas de ordenador necesarios para su funcionamiento, acceso y uso, etc.).<\/span><\/p>\n<p><span style=\"color: #333333;\">Todos los derechos reservados. En virtud de lo dispuesto en los art\u00edculos 8 y 32.1, p\u00e1rrafo segundo, de la Ley de Propiedad Intelectual, quedan expresamente prohibidas la reproducci\u00f3n, la distribuci\u00f3n y la comunicaci\u00f3n p\u00fablica, incluida su modalidad de puesta a disposici\u00f3n, de la totalidad o parte de los contenidos de esta p\u00e1gina web, con fines comerciales, en cualquier soporte y por cualquier medio t\u00e9cnico, sin la autorizaci\u00f3n de Raz\u00f3n Social. El USUARIO se compromete a respetar los derechos de Propiedad Intelectual e Industrial titularidad de Raz\u00f3n Social. Podr\u00e1 visualizar los elementos del portal e incluso imprimirlos, copiarlos y almacenarlos en el disco duro de su ordenador o en cualquier otro soporte f\u00edsico siempre y cuando sea, \u00fanica y exclusivamente, para su uso personal y privado. El USUARIO deber\u00e1 abstenerse de suprimir, alterar, eludir o manipular cualquier dispositivo de protecci\u00f3n o sistema de seguridad que estuviera instalado en las p\u00e1ginas de Raz\u00f3n Social.<\/span><\/p>\n<h4><span style=\"color: #333333;\"><strong><u>EXCLUSI\u00d3N DE GARANT\u00cdAS Y RESPONSABILIDAD<\/u><\/strong><\/span><\/h4>\n<p><span style=\"color: #333333;\">Raz\u00f3n Social no se hace responsable, en ning\u00fan caso, de los da\u00f1os y perjuicios de cualquier naturaleza que pudieran ocasionar, a t\u00edtulo enunciativo: errores u omisiones en los contenidos, falta de disponibilidad del portal o la transmisi\u00f3n de virus o programas maliciosos o lesivos en los contenidos, a pesar de haber adoptado todas las medidas tecnol\u00f3gicas necesarias para evitarlo.<\/span><\/p>\n<h4><span style=\"color: #333333;\"><strong><u>MODIFICACIONES<\/u><\/strong><\/span><\/h4>\n<p><span style=\"color: #333333;\">Raz\u00f3n Social se reserva el derecho de efectuar sin previo aviso las modificaciones que considere oportunas en su portal, pudiendo cambiar, suprimir o a\u00f1adir tanto los contenidos y servicios que se presten a trav\u00e9s de la misma como la forma en la que \u00e9stos aparezcan presentados o localizados en su portal.<\/span><\/p>\n<h4><span style=\"color: #333333;\"><strong><u>ENLACES<\/u><\/strong><\/span><\/h4>\n<p><span style=\"color: #333333;\">En el caso de que en la p\u00e1gina web se dispusiesen enlaces o hiperv\u00ednculos hac\u00eda otros sitios de Internet, Raz\u00f3n Social no ejercer\u00e1 ning\u00fan tipo de control sobre dichos sitios y contenidos. En ning\u00fan caso Raz\u00f3n Social asumir\u00e1 responsabilidad alguna por los contenidos de alg\u00fan enlace perteneciente a un sitio web ajeno, ni garantizar\u00e1 la disponibilidad t\u00e9cnica, calidad, fiabilidad, exactitud, amplitud, veracidad, validez y constitucionalidad de cualquier material o informaci\u00f3n contenida en ninguno de dichos hiperv\u00ednculos u otros sitios de Internet.<\/span><\/p>\n<p><span style=\"color: #333333;\">Igualmente, la inclusi\u00f3n de estas conexiones externas no implicar\u00e1 ning\u00fan tipo de asociaci\u00f3n, fusi\u00f3n o participaci\u00f3n con las entidades conectadas.<\/span><\/p>\n<h4><span style=\"color: #333333;\"><strong><u>DERECHO DE EXCLUSI\u00d3N<\/u><\/strong><\/span><\/h4>\n<p><span style=\"color: #333333;\">Raz\u00f3n Social se reserva el derecho a denegar o retirar el acceso a portal y\/o los servicios ofrecidos sin necesidad de preaviso, a instancia propia o de un tercero, a aquellos usuarios que incumplan las presentes Condiciones Generales de Uso.<\/span><\/p>\n<h4><span style=\"color: #333333;\"><strong><u>GENERALIDADES<\/u><\/strong><\/span><\/h4>\n<p><span style=\"color: #333333;\">Raz\u00f3n Social perseguir\u00e1 el incumplimiento de las presentes condiciones, as\u00ed como cualquier utilizaci\u00f3n indebida de su portal ejerciendo todas las acciones civiles y penales que le puedan corresponder en derecho.<\/span><\/p>\n<h4><span style=\"color: #333333;\"><strong><u>MODIFICACI\u00d3N DE LAS PRESENTES CONDICIONES Y DURACI\u00d3N<\/u><\/strong><\/span><\/h4>\n<p><span style=\"color: #333333;\">Raz\u00f3n Social podr\u00e1 modificar en cualquier momento las condiciones aqu\u00ed determinadas, siendo debidamente publicadas como aqu\u00ed aparecen.<\/span><\/p>\n<p><span style=\"color: #333333;\">La vigencia de las citadas condiciones ir\u00e1 en funci\u00f3n de su exposici\u00f3n y estar\u00e1n vigentes hasta que sean modificadas por otras debidamente publicadas.<\/span><\/p>\n<h4><span style=\"color: #333333;\"><strong><u>LEGISLACI\u00d3N APLICABLE Y JURISDICCI\u00d3N<\/u><\/strong><\/span><\/h4>\n<p><span style=\"color: #333333;\">La relaci\u00f3n entre Raz\u00f3n Social y el USUARIO se regir\u00e1 por la normativa espa\u00f1ola vigente y cualquier controversia se someter\u00e1 a los Juzgados y tribunales de la ciudad anteriormente indicada.<\/span><\/p>\n<p>&nbsp;<\/p>\n","protected":false},"excerpt":{"rendered":"<p>En cumplimiento de la Ley 34\/2002, de 11 de julio, de Servicios de la Sociedad de la Informaci\u00f3n y de Comercio Electr\u00f3nico (LSSI-CE), la empresa le informa que es titular del sitio web. De acuerdo con la exigencia del art\u00edculo 10 de la citada Ley, informa de los siguientes datos: El titular de este sitio [&#8230;]\n","protected":false},"author":2,"featured_media":0,"parent":0,"menu_order":0,"comment_status":"closed","ping_status":"closed","template":"","meta":{"inline_featured_image":false,"_joinchat":[],"footnotes":""},"class_list":["post-22546","page","type-page","status-publish","hentry"],"_links":{"self":[{"href":"https:\/\/pyroparty.es\/en\/wp-json\/wp\/v2\/pages\/22546","targetHints":{"allow":["GET"]}}],"collection":[{"href":"https:\/\/pyroparty.es\/en\/wp-json\/wp\/v2\/pages"}],"about":[{"href":"https:\/\/pyroparty.es\/en\/wp-json\/wp\/v2\/types\/page"}],"author":[{"embeddable":true,"href":"https:\/\/pyroparty.es\/en\/wp-json\/wp\/v2\/users\/2"}],"replies":[{"embeddable":true,"href":"https:\/\/pyroparty.es\/en\/wp-json\/wp\/v2\/comments?post=22546"}],"version-history":[{"count":0,"href":"https:\/\/pyroparty.es\/en\/wp-json\/wp\/v2\/pages\/22546\/revisions"}],"wp:attachment":[{"href":"https:\/\/pyroparty.es\/en\/wp-json\/wp\/v2\/media?parent=22546"}],"curies":[{"name":"wp","href":"https:\/\/api.w.org\/{rel}","templated":true}]}}