{"id":22497,"date":"2019-06-25T13:55:04","date_gmt":"2019-06-25T13:55:04","guid":{"rendered":"https:\/\/pyroparty.es\/carrito\/"},"modified":"2023-08-09T14:51:48","modified_gmt":"2023-08-09T14:51:48","slug":"carrito","status":"publish","type":"page","link":"https:\/\/pyroparty.es\/en\/carrito\/","title":{"rendered":"Carrito"},"content":{"rendered":"\t\t<div data-elementor-type=\"wp-page\" data-elementor-id=\"22497\" class=\"elementor elementor-22497 elementor-8\" data-elementor-settings=\"{&quot;ha_cmc_init_switcher&quot;:&quot;no&quot;}\" data-elementor-post-type=\"page\">\n\t\t\t\t\t\t<section class=\"elementor-section elementor-top-section elementor-element elementor-element-604923e2 elementor-section-boxed elementor-section-height-default elementor-section-height-default\" data-id=\"604923e2\" data-element_type=\"section\" data-settings=\"{&quot;_ha_eqh_enable&quot;:false}\">\n\t\t\t\t\t\t<div class=\"elementor-container elementor-column-gap-default\">\n\t\t\t\t\t<div class=\"elementor-column elementor-col-100 elementor-top-column elementor-element elementor-element-763ca8b2\" data-id=\"763ca8b2\" data-element_type=\"column\">\n\t\t\t<div class=\"elementor-widget-wrap elementor-element-populated\">\n\t\t\t\t\t\t<div class=\"elementor-element elementor-element-ff9b068 elementor-widget elementor-widget-spacer\" data-id=\"ff9b068\" data-element_type=\"widget\" data-widget_type=\"spacer.default\">\n\t\t\t\t<div class=\"elementor-widget-container\">\n\t\t\t\t\t\t\t<div class=\"elementor-spacer\">\n\t\t\t<div class=\"elementor-spacer-inner\"><\/div>\n\t\t<\/div>\n\t\t\t\t\t\t<\/div>\n\t\t\t\t<\/div>\n\t\t\t\t<div class=\"elementor-element elementor-element-6e2ce4c0 elementor-widget elementor-widget-text-editor\" data-id=\"6e2ce4c0\" data-element_type=\"widget\" data-widget_type=\"text-editor.default\">\n\t\t\t\t<div class=\"elementor-widget-container\">\n\t\t\t\t\t\t\t\t\t\r\n\r\n\t\t\t\t\t\t\t\t<\/div>\n\t\t\t\t<\/div>\n\t\t\t\t<div class=\"elementor-element elementor-element-c8a5053 elementor-grid-4 elementor-grid-tablet-3 elementor-grid-mobile-2 elementor-products-grid elementor-wc-products elementor-widget elementor-widget-woocommerce-products\" data-id=\"c8a5053\" data-element_type=\"widget\" data-widget_type=\"woocommerce-products.default\">\n\t\t\t\t<div class=\"elementor-widget-container\">\n\t\t\t\t\t<div class=\"woocommerce columns-4 \"><div class=\"products row row-small large-columns-4 medium-columns-2 small-columns-2 has-equal-box-heights equalize-box\">\n<div class=\"product-small col has-hover product type-product post-1799 status-publish first instock product_cat-bombetas product_cat-bomblets product_cat-firecrackers-en product_tag-categoria-f1-en has-post-thumbnail taxable shipping-taxable purchasable product-type-simple\">\n\t<div class=\"col-inner\">\n\t\n<div class=\"badge-container absolute left top z-1\">\n\n<\/div>\n<a href=\"https:\/\/pyroparty.es\/en\/producto\/bombetas-mini-50-uds-ing\/\" class=\"woocommerce-LoopProduct-link woocommerce-loop-product__link\">\t<div class=\"product-small box \">\n\t\t<div class=\"box-image\">\n\t\t\t<div class=\"image-fade_in_back\">\n\t\t\t\t<a href=\"https:\/\/pyroparty.es\/en\/producto\/bombetas-mini-50-uds-ing\/\" aria-label=\"Mini bomblets (50 pcs)\">\n\t\t\t\t\t<img fetchpriority=\"high\" decoding=\"async\" width=\"450\" height=\"450\" src=\"https:\/\/pyroparty.es\/wp-content\/uploads\/mini-bombetas.jpg\" class=\"attachment-woocommerce_thumbnail size-woocommerce_thumbnail\" alt=\"Mini bomblets (50 pcs)\" srcset=\"https:\/\/pyroparty.es\/wp-content\/uploads\/mini-bombetas.jpg 450w, https:\/\/pyroparty.es\/wp-content\/uploads\/mini-bombetas-100x100.jpg 100w, https:\/\/pyroparty.es\/wp-content\/uploads\/mini-bombetas-300x300.jpg 300w, https:\/\/pyroparty.es\/wp-content\/uploads\/mini-bombetas-150x150.jpg 150w\" sizes=\"(max-width: 450px) 100vw, 450px\" \/>\t\t\t\t<\/a>\n\t\t\t<\/div>\n\t\t\t<div class=\"image-tools is-small top right show-on-hover\">\n\t\t\t\t\t\t\t<\/div>\n\t\t\t<div class=\"image-tools is-small hide-for-small bottom left show-on-hover\">\n\t\t\t\t\t\t\t<\/div>\n\t\t\t<div class=\"image-tools grid-tools text-center hide-for-small bottom hover-slide-in show-on-hover\">\n\t\t\t\t\t\t\t<\/div>\n\t\t\t\t\t<\/div>\n\n\t\t<div class=\"box-text box-text-products text-center grid-style-2\">\n\t\t\t<div class=\"title-wrapper\"><p class=\"name product-title woocommerce-loop-product__title\"><a href=\"https:\/\/pyroparty.es\/en\/producto\/bombetas-mini-50-uds-ing\/\" class=\"woocommerce-LoopProduct-link woocommerce-loop-product__link\">Mini bomblets (50 pcs)<\/a><\/p><\/div><div class=\"price-wrapper\">\n\t<span class=\"price\"><span class=\"woocommerce-Price-amount amount\"><bdi>0,83<span class=\"woocommerce-Price-currencySymbol\">&euro;<\/span><\/bdi><\/span> <small class=\"woocommerce-price-suffix\">IVA incluido<\/small><\/span>\n<\/div><a class=\"button\" href=\"https:\/\/pyroparty.es\/en\/producto\/bombetas-mini-50-uds-ing\/\">View product<\/a>\t<span id=\"woocommerce_loop_add_to_cart_link_describedby_1799\" class=\"screen-reader-text\">\n\t\t\t<\/span>\n\t\t<\/div>\n\t<\/div>\n\t<span class=\"gtm4wp_productdata\" style=\"display:none; visibility:hidden;\" data-gtm4wp_product_data=\"{&quot;internal_id&quot;:1799,&quot;item_id&quot;:1799,&quot;item_name&quot;:&quot;Mini bomblets (50 pcs)&quot;,&quot;sku&quot;:1799,&quot;price&quot;:0.83,&quot;stocklevel&quot;:27,&quot;stockstatus&quot;:&quot;instock&quot;,&quot;google_business_vertical&quot;:&quot;retail&quot;,&quot;item_category&quot;:&quot;Firecrackers&quot;,&quot;id&quot;:1799,&quot;productlink&quot;:&quot;https:\\\/\\\/pyroparty.es\\\/en\\\/producto\\\/bombetas-mini-50-uds-ing\\\/&quot;,&quot;item_list_name&quot;:&quot;General Product List&quot;,&quot;index&quot;:1,&quot;product_type&quot;:&quot;simple&quot;,&quot;item_brand&quot;:&quot;&quot;}\"><\/span><\/a>\t<\/div>\n<\/div><div class=\"product-small col has-hover product type-product post-1802 status-publish instock product_cat-bomblets product_cat-firecrackers-en product_tag-categoria-f1-en has-post-thumbnail sale taxable shipping-taxable purchasable product-type-simple\">\n\t<div class=\"col-inner\">\n\t\n<div class=\"badge-container absolute left top z-1\">\n<div class=\"callout badge badge-circle\"><div class=\"badge-inner secondary on-sale\"><span class=\"onsale\">-17%<\/span><\/div><\/div>\n<\/div>\n<a href=\"https:\/\/pyroparty.es\/en\/producto\/bomblets-mini-pack-6-boxes-50-pcs\/\" class=\"woocommerce-LoopProduct-link woocommerce-loop-product__link\">\t<div class=\"product-small box \">\n\t\t<div class=\"box-image\">\n\t\t\t<div class=\"image-fade_in_back\">\n\t\t\t\t<a href=\"https:\/\/pyroparty.es\/en\/producto\/bomblets-mini-pack-6-boxes-50-pcs\/\" aria-label=\"Bomblets Mini Pack 6 boxes (50 pcs)\">\n\t\t\t\t\t<img decoding=\"async\" width=\"800\" height=\"800\" src=\"https:\/\/pyroparty.es\/wp-content\/uploads\/bombetas-800x800.jpg\" class=\"attachment-woocommerce_thumbnail size-woocommerce_thumbnail\" alt=\"Bomblets Mini Pack 6 boxes (50 pcs)\" srcset=\"https:\/\/pyroparty.es\/wp-content\/uploads\/bombetas-800x800.jpg 800w, https:\/\/pyroparty.es\/wp-content\/uploads\/bombetas-300x300.jpg 300w, https:\/\/pyroparty.es\/wp-content\/uploads\/bombetas-1024x1024.jpg 1024w, https:\/\/pyroparty.es\/wp-content\/uploads\/bombetas-150x150.jpg 150w, https:\/\/pyroparty.es\/wp-content\/uploads\/bombetas-768x768.jpg 768w, https:\/\/pyroparty.es\/wp-content\/uploads\/bombetas-1536x1536.jpg 1536w, https:\/\/pyroparty.es\/wp-content\/uploads\/bombetas-70x70.jpg 70w, https:\/\/pyroparty.es\/wp-content\/uploads\/bombetas-100x100.jpg 100w, https:\/\/pyroparty.es\/wp-content\/uploads\/bombetas.jpg 1754w\" sizes=\"(max-width: 800px) 100vw, 800px\" \/>\t\t\t\t<\/a>\n\t\t\t<\/div>\n\t\t\t<div class=\"image-tools is-small top right show-on-hover\">\n\t\t\t\t\t\t\t<\/div>\n\t\t\t<div class=\"image-tools is-small hide-for-small bottom left show-on-hover\">\n\t\t\t\t\t\t\t<\/div>\n\t\t\t<div class=\"image-tools grid-tools text-center hide-for-small bottom hover-slide-in show-on-hover\">\n\t\t\t\t\t\t\t<\/div>\n\t\t\t\t\t<\/div>\n\n\t\t<div class=\"box-text box-text-products text-center grid-style-2\">\n\t\t\t<div class=\"title-wrapper\"><p class=\"name product-title woocommerce-loop-product__title\"><a href=\"https:\/\/pyroparty.es\/en\/producto\/bomblets-mini-pack-6-boxes-50-pcs\/\" class=\"woocommerce-LoopProduct-link woocommerce-loop-product__link\">Bomblets Mini Pack 6 boxes (50 pcs)<\/a><\/p><\/div><div class=\"price-wrapper\"><div class=\"star-rating star-rating--inline\" role=\"img\" aria-label=\"Rated 5.00 out of 5\"><span style=\"width:100%\">Rated <strong class=\"rating\">5.00<\/strong> out of 5<\/span><\/div>\n\t<span class=\"price\"><del aria-hidden=\"true\"><span class=\"woocommerce-Price-amount amount\"><bdi>4,96<span class=\"woocommerce-Price-currencySymbol\">&euro;<\/span><\/bdi><\/span><\/del> <span class=\"screen-reader-text\">Original price was: 4,96&euro;.<\/span><ins aria-hidden=\"true\"><span class=\"woocommerce-Price-amount amount\"><bdi>4,13<span class=\"woocommerce-Price-currencySymbol\">&euro;<\/span><\/bdi><\/span><\/ins><span class=\"screen-reader-text\">Current price is: 4,13&euro;.<\/span> <small class=\"woocommerce-price-suffix\">IVA incluido<\/small><\/span>\n<\/div><a class=\"button\" href=\"https:\/\/pyroparty.es\/en\/producto\/bomblets-mini-pack-6-boxes-50-pcs\/\">View product<\/a>\t<span id=\"woocommerce_loop_add_to_cart_link_describedby_1802\" class=\"screen-reader-text\">\n\t\t\t<\/span>\n\t\t<\/div>\n\t<\/div>\n\t<span class=\"gtm4wp_productdata\" style=\"display:none; visibility:hidden;\" data-gtm4wp_product_data=\"{&quot;internal_id&quot;:1802,&quot;item_id&quot;:1802,&quot;item_name&quot;:&quot;Bomblets Mini Pack 6 boxes (50 pcs)&quot;,&quot;sku&quot;:1802,&quot;price&quot;:4.13,&quot;stocklevel&quot;:15,&quot;stockstatus&quot;:&quot;instock&quot;,&quot;google_business_vertical&quot;:&quot;retail&quot;,&quot;item_category&quot;:&quot;Firecrackers&quot;,&quot;id&quot;:1802,&quot;productlink&quot;:&quot;https:\\\/\\\/pyroparty.es\\\/en\\\/producto\\\/bomblets-mini-pack-6-boxes-50-pcs\\\/&quot;,&quot;item_list_name&quot;:&quot;General Product List&quot;,&quot;index&quot;:2,&quot;product_type&quot;:&quot;simple&quot;,&quot;item_brand&quot;:&quot;&quot;}\"><\/span><\/a>\t<\/div>\n<\/div><div class=\"product-small col has-hover product type-product post-1805 status-publish instock product_cat-bombetas product_cat-bomblets product_cat-firecrackers-en product_tag-categoria-f1-en has-post-thumbnail taxable shipping-taxable purchasable product-type-simple\">\n\t<div class=\"col-inner\">\n\t\n<div class=\"badge-container absolute left top z-1\">\n\n<\/div>\n<a href=\"https:\/\/pyroparty.es\/en\/producto\/great-bomblets\/\" class=\"woocommerce-LoopProduct-link woocommerce-loop-product__link\">\t<div class=\"product-small box \">\n\t\t<div class=\"box-image\">\n\t\t\t<div class=\"image-fade_in_back\">\n\t\t\t\t<a href=\"https:\/\/pyroparty.es\/en\/producto\/great-bomblets\/\" aria-label=\"Great bomblets\">\n\t\t\t\t\t<img decoding=\"async\" width=\"500\" height=\"500\" src=\"https:\/\/pyroparty.es\/wp-content\/uploads\/Bombetas-Grandes-50-Uds.jpg\" class=\"attachment-woocommerce_thumbnail size-woocommerce_thumbnail\" alt=\"Great bomblets\" srcset=\"https:\/\/pyroparty.es\/wp-content\/uploads\/Bombetas-Grandes-50-Uds.jpg 500w, https:\/\/pyroparty.es\/wp-content\/uploads\/Bombetas-Grandes-50-Uds-300x300.jpg 300w, https:\/\/pyroparty.es\/wp-content\/uploads\/Bombetas-Grandes-50-Uds-150x150.jpg 150w, https:\/\/pyroparty.es\/wp-content\/uploads\/Bombetas-Grandes-50-Uds-70x70.jpg 70w, https:\/\/pyroparty.es\/wp-content\/uploads\/Bombetas-Grandes-50-Uds-100x100.jpg 100w\" sizes=\"(max-width: 500px) 100vw, 500px\" \/>\t\t\t\t<\/a>\n\t\t\t<\/div>\n\t\t\t<div class=\"image-tools is-small top right show-on-hover\">\n\t\t\t\t\t\t\t<\/div>\n\t\t\t<div class=\"image-tools is-small hide-for-small bottom left show-on-hover\">\n\t\t\t\t\t\t\t<\/div>\n\t\t\t<div class=\"image-tools grid-tools text-center hide-for-small bottom hover-slide-in show-on-hover\">\n\t\t\t\t\t\t\t<\/div>\n\t\t\t\t\t<\/div>\n\n\t\t<div class=\"box-text box-text-products text-center grid-style-2\">\n\t\t\t<div class=\"title-wrapper\"><p class=\"name product-title woocommerce-loop-product__title\"><a href=\"https:\/\/pyroparty.es\/en\/producto\/great-bomblets\/\" class=\"woocommerce-LoopProduct-link woocommerce-loop-product__link\">Great bomblets<\/a><\/p><\/div><div class=\"price-wrapper\"><div class=\"star-rating star-rating--inline\" role=\"img\" aria-label=\"Rated 5.00 out of 5\"><span style=\"width:100%\">Rated <strong class=\"rating\">5.00<\/strong> out of 5<\/span><\/div>\n\t<span class=\"price\"><span class=\"woocommerce-Price-amount amount\"><bdi>2,47<span class=\"woocommerce-Price-currencySymbol\">&euro;<\/span><\/bdi><\/span> <small class=\"woocommerce-price-suffix\">IVA incluido<\/small><\/span>\n<\/div><a class=\"button\" href=\"https:\/\/pyroparty.es\/en\/producto\/great-bomblets\/\">View product<\/a>\t<span id=\"woocommerce_loop_add_to_cart_link_describedby_1805\" class=\"screen-reader-text\">\n\t\t\t<\/span>\n\t\t<\/div>\n\t<\/div>\n\t<span class=\"gtm4wp_productdata\" style=\"display:none; visibility:hidden;\" data-gtm4wp_product_data=\"{&quot;internal_id&quot;:1805,&quot;item_id&quot;:1805,&quot;item_name&quot;:&quot;Great bomblets&quot;,&quot;sku&quot;:1805,&quot;price&quot;:2.47,&quot;stocklevel&quot;:37,&quot;stockstatus&quot;:&quot;instock&quot;,&quot;google_business_vertical&quot;:&quot;retail&quot;,&quot;item_category&quot;:&quot;Firecrackers&quot;,&quot;id&quot;:1805,&quot;productlink&quot;:&quot;https:\\\/\\\/pyroparty.es\\\/en\\\/producto\\\/great-bomblets\\\/&quot;,&quot;item_list_name&quot;:&quot;General Product List&quot;,&quot;index&quot;:3,&quot;product_type&quot;:&quot;simple&quot;,&quot;item_brand&quot;:&quot;&quot;}\"><\/span><\/a>\t<\/div>\n<\/div><div class=\"product-small col has-hover product type-product post-1808 status-publish last instock product_cat-bomblets product_cat-firecrackers-en product_tag-categoria-f1-en has-post-thumbnail sale taxable shipping-taxable purchasable product-type-simple\">\n\t<div class=\"col-inner\">\n\t\n<div class=\"badge-container absolute left top z-1\">\n<div class=\"callout badge badge-circle\"><div class=\"badge-inner secondary on-sale\"><span class=\"onsale\">-33%<\/span><\/div><\/div>\n<\/div>\n<a href=\"https:\/\/pyroparty.es\/en\/producto\/great-bomblets-pack-3-boxes-50-pcs\/\" class=\"woocommerce-LoopProduct-link woocommerce-loop-product__link\">\t<div class=\"product-small box \">\n\t\t<div class=\"box-image\">\n\t\t\t<div class=\"image-fade_in_back\">\n\t\t\t\t<a href=\"https:\/\/pyroparty.es\/en\/producto\/great-bomblets-pack-3-boxes-50-pcs\/\" aria-label=\"Great bomblets Pack 5 boxes (50 pcs)\">\n\t\t\t\t\t<img loading=\"lazy\" decoding=\"async\" width=\"800\" height=\"800\" src=\"https:\/\/pyroparty.es\/wp-content\/uploads\/Oferta-Bombetas-Grandes-800x800.jpg\" class=\"attachment-woocommerce_thumbnail size-woocommerce_thumbnail\" alt=\"Great bomblets Pack 5 boxes (50 pcs)\" srcset=\"https:\/\/pyroparty.es\/wp-content\/uploads\/Oferta-Bombetas-Grandes-800x800.jpg 800w, https:\/\/pyroparty.es\/wp-content\/uploads\/Oferta-Bombetas-Grandes-300x300.jpg 300w, https:\/\/pyroparty.es\/wp-content\/uploads\/Oferta-Bombetas-Grandes-1024x1024.jpg 1024w, https:\/\/pyroparty.es\/wp-content\/uploads\/Oferta-Bombetas-Grandes-150x150.jpg 150w, https:\/\/pyroparty.es\/wp-content\/uploads\/Oferta-Bombetas-Grandes-768x768.jpg 768w, https:\/\/pyroparty.es\/wp-content\/uploads\/Oferta-Bombetas-Grandes-70x70.jpg 70w, https:\/\/pyroparty.es\/wp-content\/uploads\/Oferta-Bombetas-Grandes-100x100.jpg 100w, https:\/\/pyroparty.es\/wp-content\/uploads\/Oferta-Bombetas-Grandes.jpg 1100w\" sizes=\"(max-width: 800px) 100vw, 800px\" \/>\t\t\t\t<\/a>\n\t\t\t<\/div>\n\t\t\t<div class=\"image-tools is-small top right show-on-hover\">\n\t\t\t\t\t\t\t<\/div>\n\t\t\t<div class=\"image-tools is-small hide-for-small bottom left show-on-hover\">\n\t\t\t\t\t\t\t<\/div>\n\t\t\t<div class=\"image-tools grid-tools text-center hide-for-small bottom hover-slide-in show-on-hover\">\n\t\t\t\t\t\t\t<\/div>\n\t\t\t\t\t<\/div>\n\n\t\t<div class=\"box-text box-text-products text-center grid-style-2\">\n\t\t\t<div class=\"title-wrapper\"><p class=\"name product-title woocommerce-loop-product__title\"><a href=\"https:\/\/pyroparty.es\/en\/producto\/great-bomblets-pack-3-boxes-50-pcs\/\" class=\"woocommerce-LoopProduct-link woocommerce-loop-product__link\">Great bomblets Pack 5 boxes (50 pcs)<\/a><\/p><\/div><div class=\"price-wrapper\"><div class=\"star-rating star-rating--inline\" role=\"img\" aria-label=\"Rated 5.00 out of 5\"><span style=\"width:100%\">Rated <strong class=\"rating\">5.00<\/strong> out of 5<\/span><\/div>\n\t<span class=\"price\"><del aria-hidden=\"true\"><span class=\"woocommerce-Price-amount amount\"><bdi>12,40<span class=\"woocommerce-Price-currencySymbol\">&euro;<\/span><\/bdi><\/span><\/del> <span class=\"screen-reader-text\">Original price was: 12,40&euro;.<\/span><ins aria-hidden=\"true\"><span class=\"woocommerce-Price-amount amount\"><bdi>8,26<span class=\"woocommerce-Price-currencySymbol\">&euro;<\/span><\/bdi><\/span><\/ins><span class=\"screen-reader-text\">Current price is: 8,26&euro;.<\/span> <small class=\"woocommerce-price-suffix\">IVA incluido<\/small><\/span>\n<\/div><a class=\"button\" href=\"https:\/\/pyroparty.es\/en\/producto\/great-bomblets-pack-3-boxes-50-pcs\/\">View product<\/a>\t<span id=\"woocommerce_loop_add_to_cart_link_describedby_1808\" class=\"screen-reader-text\">\n\t\t\t<\/span>\n\t\t<\/div>\n\t<\/div>\n\t<span class=\"gtm4wp_productdata\" style=\"display:none; visibility:hidden;\" data-gtm4wp_product_data=\"{&quot;internal_id&quot;:1808,&quot;item_id&quot;:1808,&quot;item_name&quot;:&quot;Great bomblets Pack 5 boxes (50 pcs)&quot;,&quot;sku&quot;:1808,&quot;price&quot;:8.26,&quot;stocklevel&quot;:7,&quot;stockstatus&quot;:&quot;instock&quot;,&quot;google_business_vertical&quot;:&quot;retail&quot;,&quot;item_category&quot;:&quot;Firecrackers&quot;,&quot;id&quot;:1808,&quot;productlink&quot;:&quot;https:\\\/\\\/pyroparty.es\\\/en\\\/producto\\\/great-bomblets-pack-3-boxes-50-pcs\\\/&quot;,&quot;item_list_name&quot;:&quot;General Product List&quot;,&quot;index&quot;:4,&quot;product_type&quot;:&quot;simple&quot;,&quot;item_brand&quot;:&quot;&quot;}\"><\/span><\/a>\t<\/div>\n<\/div><\/div><!-- row -->\n<\/div>\t\t\t\t<\/div>\n\t\t\t\t<\/div>\n\t\t\t\t\t<\/div>\n\t\t<\/div>\n\t\t\t\t\t<\/div>\n\t\t<\/section>\n\t\t\t\t<section class=\"elementor-section elementor-top-section elementor-element elementor-element-e1437bc elementor-section-boxed elementor-section-height-default elementor-section-height-default\" data-id=\"e1437bc\" data-element_type=\"section\" data-settings=\"{&quot;_ha_eqh_enable&quot;:false}\">\n\t\t\t\t\t\t<div class=\"elementor-container elementor-column-gap-default\">\n\t\t\t\t\t<div class=\"elementor-column elementor-col-100 elementor-top-column elementor-element elementor-element-d89d954\" data-id=\"d89d954\" data-element_type=\"column\">\n\t\t\t<div class=\"elementor-widget-wrap elementor-element-populated\">\n\t\t\t\t\t\t<div class=\"elementor-element elementor-element-5acb594 elementor-widget elementor-widget-spacer\" data-id=\"5acb594\" data-element_type=\"widget\" data-widget_type=\"spacer.default\">\n\t\t\t\t<div class=\"elementor-widget-container\">\n\t\t\t\t\t\t\t<div class=\"elementor-spacer\">\n\t\t\t<div class=\"elementor-spacer-inner\"><\/div>\n\t\t<\/div>\n\t\t\t\t\t\t<\/div>\n\t\t\t\t<\/div>\n\t\t\t\t\t<\/div>\n\t\t<\/div>\n\t\t\t\t\t<\/div>\n\t\t<\/section>\n\t\t\t\t<section class=\"elementor-section elementor-top-section elementor-element elementor-element-35c96b0 elementor-section-boxed elementor-section-height-default elementor-section-height-default\" data-id=\"35c96b0\" data-element_type=\"section\" data-settings=\"{&quot;_ha_eqh_enable&quot;:false}\">\n\t\t\t\t\t\t<div class=\"elementor-container elementor-column-gap-default\">\n\t\t\t\t\t<div class=\"elementor-column elementor-col-100 elementor-top-column elementor-element elementor-element-e40cb2a\" data-id=\"e40cb2a\" data-element_type=\"column\">\n\t\t\t<div class=\"elementor-widget-wrap elementor-element-populated\">\n\t\t\t\t\t\t<div class=\"elementor-element elementor-element-3b2666e elementor-alert-warning elementor-widget elementor-widget-alert\" data-id=\"3b2666e\" data-element_type=\"widget\" data-widget_type=\"alert.default\">\n\t\t\t\t<div class=\"elementor-widget-container\">\n\t\t\t\t\t\t\t<div class=\"elementor-alert\" role=\"alert\">\n\n\t\t\t\t\t\t<span class=\"elementor-alert-title\">Env\u00edos<\/span>\n\t\t\t\n\t\t\t\t\t\t<span class=\"elementor-alert-description\">Les recordamos que la ley proh\u00edbe enviar material pirot\u00e9cnico a su domicilio. Todos los pedidos realizados se deber\u00e1n recoger en tienda. C\/ Alcalde D\u00edaz Zafra 35, 29006 M\u00e1laga, Espa\u00f1a<\/span>\n\t\t\t\n\t\t\t\t\t\t<button type=\"button\" class=\"elementor-alert-dismiss\" aria-label=\"Dismiss this alert.\">\n\t\t\t\t\t\t\t\t\t<span aria-hidden=\"true\">&times;<\/span>\n\t\t\t\t\t\t\t<\/button>\n\t\t\t\n\t\t<\/div>\n\t\t\t\t\t\t<\/div>\n\t\t\t\t<\/div>\n\t\t\t\t\t<\/div>\n\t\t<\/div>\n\t\t\t\t\t<\/div>\n\t\t<\/section>\n\t\t\t\t<\/div>\n\t\t","protected":false},"excerpt":{"rendered":"<p>Env\u00edos Les recordamos que la ley proh\u00edbe enviar material pirot\u00e9cnico a su domicilio. Todos los pedidos realizados se deber\u00e1n recoger en tienda. C\/ Alcalde D\u00edaz Zafra 35, 29006 M\u00e1laga, Espa\u00f1a &times; Descartar esta alerta.<\/p>\n","protected":false},"author":2,"featured_media":0,"parent":0,"menu_order":0,"comment_status":"closed","ping_status":"closed","template":"","meta":{"inline_featured_image":false,"_joinchat":[],"footnotes":""},"class_list":["post-22497","page","type-page","status-publish","hentry"],"_links":{"self":[{"href":"https:\/\/pyroparty.es\/en\/wp-json\/wp\/v2\/pages\/22497","targetHints":{"allow":["GET"]}}],"collection":[{"href":"https:\/\/pyroparty.es\/en\/wp-json\/wp\/v2\/pages"}],"about":[{"href":"https:\/\/pyroparty.es\/en\/wp-json\/wp\/v2\/types\/page"}],"author":[{"embeddable":true,"href":"https:\/\/pyroparty.es\/en\/wp-json\/wp\/v2\/users\/2"}],"replies":[{"embeddable":true,"href":"https:\/\/pyroparty.es\/en\/wp-json\/wp\/v2\/comments?post=22497"}],"version-history":[{"count":21,"href":"https:\/\/pyroparty.es\/en\/wp-json\/wp\/v2\/pages\/22497\/revisions"}],"predecessor-version":[{"id":24220,"href":"https:\/\/pyroparty.es\/en\/wp-json\/wp\/v2\/pages\/22497\/revisions\/24220"}],"wp:attachment":[{"href":"https:\/\/pyroparty.es\/en\/wp-json\/wp\/v2\/media?parent=22497"}],"curies":[{"name":"wp","href":"https:\/\/api.w.org\/{rel}","templated":true}]}}